{"id":5206,"date":"2025-12-25T18:08:46","date_gmt":"2025-12-25T18:08:46","guid":{"rendered":"https:\/\/cvrelsalvador.com\/?page_id=5206"},"modified":"2026-03-17T03:16:05","modified_gmt":"2026-03-17T03:16:05","slug":"nosotros","status":"publish","type":"page","link":"https:\/\/cvrelsalvador.com\/en\/nosotros\/","title":{"rendered":"About Us"},"content":{"rendered":"<div data-elementor-type=\"wp-page\" data-elementor-id=\"5206\" class=\"elementor elementor-5206\">\n\t\t\t\t<div class=\"elementor-element elementor-element-38ac9e0 e-flex e-con-boxed e-con e-parent\" data-id=\"38ac9e0\" data-element_type=\"container\">\n\t\t\t\t\t<div class=\"e-con-inner\">\n\t\t\t\t<div class=\"elementor-element elementor-element-ac0ddc1 elementor-widget elementor-widget-heading\" data-id=\"ac0ddc1\" data-element_type=\"widget\" data-widget_type=\"heading.default\">\n\t\t\t\t\t<h2 class=\"elementor-heading-title elementor-size-default\">About Us<\/h2>\t\t\t\t<\/div>\n\t\t\t\t\t<\/div>\n\t\t\t\t<\/div>\n\t\t<div class=\"elementor-element elementor-element-9199423 e-flex e-con-boxed e-con e-parent\" data-id=\"9199423\" data-element_type=\"container\">\n\t\t\t\t\t<div class=\"e-con-inner\">\n\t\t\t\t<div class=\"elementor-element elementor-element-872c810 elementor-widget elementor-widget-text-editor\" data-id=\"872c810\" data-element_type=\"widget\" data-widget_type=\"text-editor.default\">\n\t\t\t\t\t\t\t\t\t<h3 data-section-id=\"t7uy1j\" data-start=\"537\" data-end=\"554\">Who We Are<\/h3><p data-start=\"556\" data-end=\"617\">Welcome to Compra-Venta-Renta El Salvador, S.A. de C.V. <strong data-start=\"569\" data-end=\"617\">Welcome to Compra-Venta-Renta El Salvador, S.A. de C.V.<\/strong><\/p><p data-start=\"619\" data-end=\"920\" class=\"translation-block\">Since September 13, 2023, our company was founded as a 100% Salvadoran initiative, created with national capital and with the purpose of providing reliable real estate solutions, especially for Salvadorans living abroad who wish to invest safely in their home country.<\/p><p data-start=\"922\" data-end=\"1075\" class=\"translation-block\">We specialize in the buying, selling, and renting of real estate throughout El Salvador, offering investment opportunities in different areas of the country.<\/p><p data-start=\"1077\" data-end=\"1341\" class=\"translation-block\">Among our main offerings are ready-to-build lots, fully legalized and supported by our professional team of surveyors, engineers, and attorneys, ensuring that every property has proper legal documentation.<\/p><p data-start=\"1343\" data-end=\"1484\" class=\"translation-block\">We also have legal representation in El Salvador and the United States, which allows us to serve clients both inside and outside the country.<\/p>\t\t\t\t\t\t\t\t<\/div>\n\t\t\t\t\t<\/div>\n\t\t\t\t<\/div>\n\t\t<div class=\"elementor-element elementor-element-c4d1f74 e-flex e-con-boxed e-con e-parent\" data-id=\"c4d1f74\" data-element_type=\"container\">\n\t\t\t\t\t<div class=\"e-con-inner\">\n\t\t<div class=\"elementor-element elementor-element-4c6d5b1 e-con-full e-flex e-con e-child\" data-id=\"4c6d5b1\" data-element_type=\"container\">\n\t\t\t\t<div class=\"elementor-element elementor-element-9856de3 elementor-widget elementor-widget-heading\" data-id=\"9856de3\" data-element_type=\"widget\" data-widget_type=\"heading.default\">\n\t\t\t\t\t<h2 class=\"elementor-heading-title elementor-size-default\">Mission<\/h2>\t\t\t\t<\/div>\n\t\t\t\t<div class=\"elementor-element elementor-element-6967973 elementor-widget elementor-widget-text-editor\" data-id=\"6967973\" data-element_type=\"widget\" data-widget_type=\"text-editor.default\">\n\t\t\t\t\t\t\t\t\t<p>To provide comprehensive, reliable, and transparent real estate services that help Salvadorans\u2014both in the country and abroad\u2014invest in El Salvador with complete security. \n\nWe guarantee clear legal processes, verified properties, and professional guidance to ensure a satisfactory experience in every investment.<\/p>\t\t\t\t\t\t\t\t<\/div>\n\t\t\t\t<\/div>\n\t\t<div class=\"elementor-element elementor-element-44b03be e-con-full e-flex e-con e-child\" data-id=\"44b03be\" data-element_type=\"container\">\n\t\t\t\t<div class=\"elementor-element elementor-element-368b789 elementor-widget elementor-widget-heading\" data-id=\"368b789\" data-element_type=\"widget\" data-widget_type=\"heading.default\">\n\t\t\t\t\t<h2 class=\"elementor-heading-title elementor-size-default\">Vision<\/h2>\t\t\t\t<\/div>\n\t\t\t\t<div class=\"elementor-element elementor-element-04c60ba elementor-widget elementor-widget-text-editor\" data-id=\"04c60ba\" data-element_type=\"widget\" data-widget_type=\"text-editor.default\">\n\t\t\t\t\t\t\t\t\t<p>To become the leading full-service real estate option in El Salvador, recognized for providing our clients with maximum security, trust, and reliability in every investment, supported by a committed professional team and transparent service that contributes to the development of the country\u2019s real estate sector.<\/p>\t\t\t\t\t\t\t\t<\/div>\n\t\t\t\t<\/div>\n\t\t\t\t\t<\/div>\n\t\t\t\t<\/div>\n\t\t\t\t<\/div>","protected":false},"excerpt":{"rendered":"<p>Sobre Nosotros Qui\u00e9nes Somos Bienvenido a Compra-Venta-Renta El Salvador, S.A. de C.V. Desde el 13 de septiembre de 2023, nace nuestra empresa como una iniciativa 100% salvadore\u00f1a, creada con capital nacional y con el prop\u00f3sito de brindar soluciones inmobiliarias confiables, especialmente a salvadore\u00f1os que residen en el extranjero y desean invertir de manera segura en&#8230;<\/p>","protected":false},"author":1,"featured_media":0,"parent":0,"menu_order":0,"comment_status":"closed","ping_status":"closed","template":"","meta":{"_joinchat":[],"footnotes":""},"class_list":["post-5206","page","type-page","status-publish","hentry"],"aioseo_notices":[],"_links":{"self":[{"href":"https:\/\/cvrelsalvador.com\/en\/wp-json\/wp\/v2\/pages\/5206","targetHints":{"allow":["GET"]}}],"collection":[{"href":"https:\/\/cvrelsalvador.com\/en\/wp-json\/wp\/v2\/pages"}],"about":[{"href":"https:\/\/cvrelsalvador.com\/en\/wp-json\/wp\/v2\/types\/page"}],"author":[{"embeddable":true,"href":"https:\/\/cvrelsalvador.com\/en\/wp-json\/wp\/v2\/users\/1"}],"replies":[{"embeddable":true,"href":"https:\/\/cvrelsalvador.com\/en\/wp-json\/wp\/v2\/comments?post=5206"}],"version-history":[{"count":13,"href":"https:\/\/cvrelsalvador.com\/en\/wp-json\/wp\/v2\/pages\/5206\/revisions"}],"predecessor-version":[{"id":5546,"href":"https:\/\/cvrelsalvador.com\/en\/wp-json\/wp\/v2\/pages\/5206\/revisions\/5546"}],"wp:attachment":[{"href":"https:\/\/cvrelsalvador.com\/en\/wp-json\/wp\/v2\/media?parent=5206"}],"curies":[{"name":"wp","href":"https:\/\/api.w.org\/{rel}","templated":true}]}}